{"id":510,"date":"2020-12-17T14:16:18","date_gmt":"2020-12-17T13:16:18","guid":{"rendered":"https:\/\/www.living-emotions.org\/?page_id=510"},"modified":"2021-04-09T09:01:57","modified_gmt":"2021-04-09T07:01:57","slug":"living-e-motions-english-course","status":"publish","type":"page","link":"https:\/\/www.living-emotions.org\/es\/living-e-motions-english-course\/","title":{"rendered":"Curso Living e-Motions"},"content":{"rendered":"\n<ul id=\"block-afeb8a12-9e6b-478d-92ba-91c237900d92\"><li><a href=\"https:\/\/www.living-emotions.org\/es\/wp-content\/uploads\/2021\/01\/2.Utilizando-Living-eMotions.pdf\">Utilizando Living e-Motions<\/a><\/li><li><a href=\"https:\/\/www.living-emotions.org\/es\/wp-content\/uploads\/2021\/01\/1.Acerca-de-Living-eMotions.pdf\">Sobre Living e-Motions<\/a><\/li><\/ul>\n\n\n\n<hr class=\"wp-block-separator\"\/>\n\n\n\n<ul><li><a href=\"https:\/\/www.living-emotions.org\/es\/wp-content\/uploads\/2021\/01\/Sesion-1.pdf\"><strong>Sesi\u00f3n 1<\/strong>: Estableciendo el grupo de aprendizaje<\/a><ul><li><em><a href=\"https:\/\/www.living-emotions.org\/es\/wp-content\/uploads\/2021\/01\/Sesion-1_ejercicios.pdf\">Ejercicios<\/a><\/em><\/li><\/ul><\/li><li><a href=\"https:\/\/www.living-emotions.org\/es\/wp-content\/uploads\/2021\/01\/Sesion-2.pdf\"><strong><strong>Sesi\u00f3n<\/strong> 2<\/strong>: Mi recuperaci\u00f3n<\/a><ul><li><em><em><a href=\"https:\/\/www.living-emotions.org\/es\/wp-content\/uploads\/2021\/01\/Sesion-2_ejercicios.pdf\">Ejercicios<\/a><\/em><\/em><\/li><\/ul><\/li><li><a href=\"https:\/\/www.living-emotions.org\/es\/wp-content\/uploads\/2021\/01\/Sesion-3.pdf\"><strong><strong>Sesi\u00f3n<\/strong> 3<\/strong>: Mi historia de recuperaci\u00f3n<\/a><ul><li><em><em><a href=\"https:\/\/www.living-emotions.org\/es\/wp-content\/uploads\/2021\/01\/Sesion-3_ejercicios.pdf\">Ejercicios<\/a><\/em><\/em><\/li><\/ul><\/li><li><a href=\"https:\/\/www.living-emotions.org\/es\/wp-content\/uploads\/2021\/04\/Sesion-4_espanol_corregido.pdf\" target=\"_blank\" rel=\"noreferrer noopener\"><strong><strong>Sesi\u00f3n<\/strong> 4<\/strong>: Comprendiendo mis emociones<\/a><ul><li><em><em><a href=\"https:\/\/www.living-emotions.org\/es\/wp-content\/uploads\/2021\/04\/Sesion-4_espanol_ejercicios_corregido.pdf\" target=\"_blank\" rel=\"noreferrer noopener\">Ejercicios<\/a><\/em><\/em><\/li><\/ul><\/li><li><a href=\"https:\/\/www.living-emotions.org\/es\/wp-content\/uploads\/2021\/01\/Sesion-5.pdf\"><strong><strong>Sesi\u00f3n<\/strong> 5<\/strong>: Autogesti\u00f3n y cuidado personal<\/a><ul><li><em><em><a href=\"https:\/\/www.living-emotions.org\/es\/wp-content\/uploads\/2021\/01\/Sesion-5_ejercicios.pdf\">Ejercicios<\/a><\/em><\/em><\/li><\/ul><\/li><li><a href=\"https:\/\/www.living-emotions.org\/es\/wp-content\/uploads\/2021\/01\/Sesion-6.pdf\"><strong><strong>Sesi\u00f3n<\/strong> 6<\/strong>: V\u00ednculos<\/a><ul><li><em><a href=\"https:\/\/www.living-emotions.org\/es\/wp-content\/uploads\/2021\/01\/Sesion-6_ejercicios.pdf\">Ejercicios<\/a><\/em><\/li><\/ul><\/li><li><a href=\"https:\/\/www.living-emotions.org\/es\/wp-content\/uploads\/2021\/01\/Sesion-7.pdf\"><strong><strong>Sesi\u00f3n<\/strong> 7<\/strong>: Compartiendo mi historia<\/a><ul><li><em><em><a href=\"https:\/\/www.living-emotions.org\/es\/wp-content\/uploads\/2021\/01\/Sesion-7_ejercicios.pdf\">Ejercicios<\/a><\/em><\/em><\/li><\/ul><\/li><li><a href=\"https:\/\/www.living-emotions.org\/es\/wp-content\/uploads\/2021\/01\/Sesion-8.pdf\"><strong><strong>Sesi\u00f3n<\/strong> 8<\/strong>: Celebrando mi viaje<\/a><ul><li><em><em><a href=\"https:\/\/www.living-emotions.org\/es\/wp-content\/uploads\/2021\/01\/Sesion-8_ejercicios.pdf\">Ejercicios<\/a><\/em><\/em><\/li><\/ul><\/li><\/ul>\n\n\n\n<hr class=\"wp-block-separator\"\/>\n\n\n\n<ul><li><a href=\"https:\/\/www.living-emotions.org\/es\/wp-content\/uploads\/2021\/01\/9.Referencias.pdf\">Referencias<\/a><\/li><\/ul>\n","protected":false},"excerpt":{"rendered":"<p>Utilizando Living e-Motions Sobre Living e-Motions Sesi\u00f3n 1: Estableciendo el grupo de aprendizaje Ejercicios Sesi\u00f3n 2: Mi recuperaci\u00f3n Ejercicios Sesi\u00f3n 3: Mi historia de recuperaci\u00f3n Ejercicios Sesi\u00f3n 4: Comprendiendo mis emociones Ejercicios Sesi\u00f3n 5: Autogesti\u00f3n y cuidado personal Ejercicios Sesi\u00f3n 6: V\u00ednculos Ejercicios Sesi\u00f3n 7: Compartiendo mi historia Ejercicios Sesi\u00f3n 8: Celebrando mi viaje Ejercicios [&hellip;]<\/p>\n","protected":false},"author":1,"featured_media":0,"parent":0,"menu_order":0,"comment_status":"closed","ping_status":"closed","template":"","meta":{"_genesis_hide_title":false,"_genesis_hide_breadcrumbs":false,"_genesis_hide_singular_image":false,"_genesis_hide_footer_widgets":false,"_genesis_custom_body_class":"","_genesis_custom_post_class":"","_genesis_layout":"","footnotes":""},"_links":{"self":[{"href":"https:\/\/www.living-emotions.org\/es\/wp-json\/wp\/v2\/pages\/510"}],"collection":[{"href":"https:\/\/www.living-emotions.org\/es\/wp-json\/wp\/v2\/pages"}],"about":[{"href":"https:\/\/www.living-emotions.org\/es\/wp-json\/wp\/v2\/types\/page"}],"author":[{"embeddable":true,"href":"https:\/\/www.living-emotions.org\/es\/wp-json\/wp\/v2\/users\/1"}],"replies":[{"embeddable":true,"href":"https:\/\/www.living-emotions.org\/es\/wp-json\/wp\/v2\/comments?post=510"}],"version-history":[{"count":8,"href":"https:\/\/www.living-emotions.org\/es\/wp-json\/wp\/v2\/pages\/510\/revisions"}],"predecessor-version":[{"id":569,"href":"https:\/\/www.living-emotions.org\/es\/wp-json\/wp\/v2\/pages\/510\/revisions\/569"}],"wp:attachment":[{"href":"https:\/\/www.living-emotions.org\/es\/wp-json\/wp\/v2\/media?parent=510"}],"curies":[{"name":"wp","href":"https:\/\/api.w.org\/{rel}","templated":true}]}}