{"id":510,"date":"2020-12-17T14:16:18","date_gmt":"2020-12-17T13:16:18","guid":{"rendered":"https:\/\/www.living-emotions.org\/?page_id=510"},"modified":"2021-04-09T09:06:54","modified_gmt":"2021-04-09T07:06:54","slug":"living-e-motions-english-course","status":"publish","type":"page","link":"https:\/\/www.living-emotions.org\/sl\/living-e-motions-english-course\/","title":{"rendered":"U\u010dno gradivo \u017diveti \u010dustva"},"content":{"rendered":"\n<ul id=\"block-afeb8a12-9e6b-478d-92ba-91c237900d92\"><li><a href=\"https:\/\/www.living-emotions.org\/sl\/wp-content\/uploads\/2021\/01\/2.Utilizando-Living-eMotions.pdf\" target=\"_blank\" rel=\"noreferrer noopener\">Uporaba u\u010dnega gradiva \u017diveti \u010dustva<\/a><\/li><li><a href=\"https:\/\/www.living-emotions.org\/sl\/wp-content\/uploads\/2021\/01\/1.Acerca-de-Living-eMotions.pdf\" target=\"_blank\" rel=\"noreferrer noopener\">O projektu \u017diveti \u010dustva<\/a><\/li><\/ul>\n\n\n\n<hr class=\"wp-block-separator\"\/>\n\n\n\n<ul><li><a rel=\"noreferrer noopener\" href=\"https:\/\/www.living-emotions.org\/sl\/wp-content\/uploads\/2021\/01\/Sesion-1.pdf\" target=\"_blank\"><strong>U\u010dne ure 1<\/strong>: Vzpostavljanje u\u010dne skupine<\/a><ul><li><em><a rel=\"noreferrer noopener\" href=\"https:\/\/www.living-emotions.org\/sl\/wp-content\/uploads\/2021\/01\/Sesion-1_ejercicios.pdf\" target=\"_blank\">Vaje<\/a><\/em><\/li><\/ul><\/li><li><a rel=\"noreferrer noopener\" href=\"https:\/\/www.living-emotions.org\/sl\/wp-content\/uploads\/2021\/01\/Sesion-2.pdf\" target=\"_blank\"><strong><strong>U\u010dne ure <\/strong>2<\/strong>: Razumevanje mojih \u010dustev<\/a><ul><li><em><em><a rel=\"noreferrer noopener\" href=\"https:\/\/www.living-emotions.org\/sl\/wp-content\/uploads\/2021\/01\/Sesion-2_ejercicios.pdf\" target=\"_blank\">Vaje<\/a><\/em><\/em><\/li><\/ul><\/li><li><a rel=\"noreferrer noopener\" href=\"https:\/\/www.living-emotions.org\/sl\/wp-content\/uploads\/2021\/01\/Sesion-3.pdf\" target=\"_blank\"><strong><strong>U\u010dne ure 3<\/strong><\/strong>: Moje okrevanje<\/a><ul><li><em><em><a rel=\"noreferrer noopener\" href=\"https:\/\/www.living-emotions.org\/sl\/wp-content\/uploads\/2021\/01\/Sesion-3_ejercicios.pdf\" target=\"_blank\">Vaje<\/a><\/em><\/em><\/li><\/ul><\/li><li><a href=\"https:\/\/www.living-emotions.org\/sl\/wp-content\/uploads\/2021\/04\/Sesion-4_esloveno_corregido.pdf\" target=\"_blank\" rel=\"noreferrer noopener\"><strong><strong>U\u010dne ure 4<\/strong><\/strong>: Moja zgodba o okrevanju<\/a><ul><li><em><em><a href=\"https:\/\/www.living-emotions.org\/sl\/wp-content\/uploads\/2021\/04\/Sesion-4_esloveno_ejercicios_corregido.pdf\" target=\"_blank\" rel=\"noreferrer noopener\">Vaje<\/a><\/em><\/em><\/li><\/ul><\/li><li><a rel=\"noreferrer noopener\" href=\"https:\/\/www.living-emotions.org\/sl\/wp-content\/uploads\/2021\/01\/Sesion-5.pdf\" target=\"_blank\"><strong><strong>U\u010dne ure 5<\/strong><\/strong>: Samoupravljanje in skrb zase<\/a><ul><li><em><em><a rel=\"noreferrer noopener\" href=\"https:\/\/www.living-emotions.org\/sl\/wp-content\/uploads\/2021\/01\/Sesion-5_ejercicios.pdf\" target=\"_blank\">Vaje<\/a><\/em><\/em><\/li><\/ul><\/li><li><a rel=\"noreferrer noopener\" href=\"https:\/\/www.living-emotions.org\/sl\/wp-content\/uploads\/2021\/01\/Sesion-6.pdf\" target=\"_blank\"><strong><strong>U\u010dne ure 6<\/strong><\/strong>: Povezave<\/a><ul><li><em><a rel=\"noreferrer noopener\" href=\"https:\/\/www.living-emotions.org\/sl\/wp-content\/uploads\/2021\/01\/Sesion-6_ejercicios.pdf\" target=\"_blank\">Vaje<\/a><\/em><\/li><\/ul><\/li><li><a rel=\"noreferrer noopener\" href=\"https:\/\/www.living-emotions.org\/sl\/wp-content\/uploads\/2021\/01\/Sesion-7.pdf\" target=\"_blank\"><strong><strong>U\u010dne ure <\/strong>7<\/strong>: Deljenje moje zgodbe<\/a><ul><li><em><em><a rel=\"noreferrer noopener\" href=\"https:\/\/www.living-emotions.org\/sl\/wp-content\/uploads\/2021\/01\/Sesion-7_ejercicios.pdf\" target=\"_blank\">Vaje<\/a><\/em><\/em><\/li><\/ul><\/li><li><a rel=\"noreferrer noopener\" href=\"https:\/\/www.living-emotions.org\/sl\/wp-content\/uploads\/2021\/01\/Sesion-8.pdf\" target=\"_blank\"><strong><strong>U\u010dne ure 8<\/strong><\/strong>: Proslavljanje mojega potovanja<\/a><ul><li><em><em><a rel=\"noreferrer noopener\" href=\"https:\/\/www.living-emotions.org\/sl\/wp-content\/uploads\/2021\/01\/Sesion-8_ejercicios.pdf\" target=\"_blank\">Vaje<\/a><\/em><\/em><\/li><\/ul><\/li><\/ul>\n\n\n\n<hr class=\"wp-block-separator\"\/>\n\n\n\n<ul><li><a href=\"https:\/\/www.living-emotions.org\/sl\/wp-content\/uploads\/2021\/01\/9.Referencias.pdf\" target=\"_blank\" rel=\"noreferrer noopener\">Viri in priporo\u010deno branje<\/a><\/li><\/ul>\n","protected":false},"excerpt":{"rendered":"<p>Uporaba u\u010dnega gradiva \u017diveti \u010dustva O projektu \u017diveti \u010dustva U\u010dne ure 1: Vzpostavljanje u\u010dne skupine Vaje U\u010dne ure 2: Razumevanje mojih \u010dustev Vaje U\u010dne ure 3: Moje okrevanje Vaje U\u010dne ure 4: Moja zgodba o okrevanju Vaje U\u010dne ure 5: Samoupravljanje in skrb zase Vaje U\u010dne ure 6: Povezave Vaje U\u010dne ure 7: Deljenje moje [&hellip;]<\/p>\n","protected":false},"author":1,"featured_media":0,"parent":0,"menu_order":0,"comment_status":"closed","ping_status":"closed","template":"","meta":{"_genesis_hide_title":false,"_genesis_hide_breadcrumbs":false,"_genesis_hide_singular_image":false,"_genesis_hide_footer_widgets":false,"_genesis_custom_body_class":"","_genesis_custom_post_class":"","_genesis_layout":"","footnotes":""},"_links":{"self":[{"href":"https:\/\/www.living-emotions.org\/sl\/wp-json\/wp\/v2\/pages\/510"}],"collection":[{"href":"https:\/\/www.living-emotions.org\/sl\/wp-json\/wp\/v2\/pages"}],"about":[{"href":"https:\/\/www.living-emotions.org\/sl\/wp-json\/wp\/v2\/types\/page"}],"author":[{"embeddable":true,"href":"https:\/\/www.living-emotions.org\/sl\/wp-json\/wp\/v2\/users\/1"}],"replies":[{"embeddable":true,"href":"https:\/\/www.living-emotions.org\/sl\/wp-json\/wp\/v2\/comments?post=510"}],"version-history":[{"count":5,"href":"https:\/\/www.living-emotions.org\/sl\/wp-json\/wp\/v2\/pages\/510\/revisions"}],"predecessor-version":[{"id":558,"href":"https:\/\/www.living-emotions.org\/sl\/wp-json\/wp\/v2\/pages\/510\/revisions\/558"}],"wp:attachment":[{"href":"https:\/\/www.living-emotions.org\/sl\/wp-json\/wp\/v2\/media?parent=510"}],"curies":[{"name":"wp","href":"https:\/\/api.w.org\/{rel}","templated":true}]}}